{"id":91,"date":"2019-08-29T21:03:25","date_gmt":"2019-08-29T21:03:25","guid":{"rendered":"https:\/\/niko.lipkowitsch.de\/?page_id=91"},"modified":"2019-09-11T19:50:20","modified_gmt":"2019-09-11T19:50:20","slug":"wasser-variationen","status":"publish","type":"page","link":"https:\/\/weltreise.lipkowitsch.de\/index.php\/weltbilder-bilderwelt\/wasser-variationen\/","title":{"rendered":"Wasser Variationen"},"content":{"rendered":"\n<figure class=\"wp-block-image is-resized\"><img loading=\"lazy\" decoding=\"async\" src=\"https:\/\/weltreise.lipkowitsch.de\/wp-content\/uploads\/2019\/08\/Scheidseen.jpg\" alt=\"\" class=\"wp-image-92\" width=\"635\" height=\"357\" srcset=\"https:\/\/weltreise.lipkowitsch.de\/wp-content\/uploads\/2019\/08\/Scheidseen.jpg 2816w, https:\/\/weltreise.lipkowitsch.de\/wp-content\/uploads\/2019\/08\/Scheidseen-300x169.jpg 300w, https:\/\/weltreise.lipkowitsch.de\/wp-content\/uploads\/2019\/08\/Scheidseen-768x432.jpg 768w, https:\/\/weltreise.lipkowitsch.de\/wp-content\/uploads\/2019\/08\/Scheidseen-1024x576.jpg 1024w\" sizes=\"auto, (max-width: 635px) 100vw, 635px\" \/><figcaption>Scheidsee mit Pateriol bei der Heilbronner H\u00fctte <\/figcaption><\/figure>\n\n\n\n<figure class=\"wp-block-image\"><img loading=\"lazy\" decoding=\"async\" width=\"1024\" height=\"768\" src=\"https:\/\/weltreise.lipkowitsch.de\/wp-content\/uploads\/2019\/09\/Island_0206-1024x768.jpg\" alt=\"\" class=\"wp-image-179\" srcset=\"https:\/\/weltreise.lipkowitsch.de\/wp-content\/uploads\/2019\/09\/Island_0206-1024x768.jpg 1024w, https:\/\/weltreise.lipkowitsch.de\/wp-content\/uploads\/2019\/09\/Island_0206-300x225.jpg 300w, https:\/\/weltreise.lipkowitsch.de\/wp-content\/uploads\/2019\/09\/Island_0206-768x576.jpg 768w\" sizes=\"auto, (max-width: 767px) 89vw, (max-width: 1000px) 54vw, (max-width: 1071px) 543px, 580px\" \/><figcaption><em>Der <\/em><strong>J\u00f6kuls\u00e1rl\u00f3n<\/strong><em> in Island<\/em> <\/figcaption><\/figure>\n\n\n\n<figure class=\"wp-block-image is-resized\"><img loading=\"lazy\" decoding=\"async\" src=\"https:\/\/weltreise.lipkowitsch.de\/wp-content\/uploads\/2019\/08\/DSC_0879_1-1024x681.jpg\" alt=\"\" class=\"wp-image-101\" width=\"630\" height=\"419\" srcset=\"https:\/\/weltreise.lipkowitsch.de\/wp-content\/uploads\/2019\/08\/DSC_0879_1-1024x681.jpg 1024w, https:\/\/weltreise.lipkowitsch.de\/wp-content\/uploads\/2019\/08\/DSC_0879_1-300x199.jpg 300w, https:\/\/weltreise.lipkowitsch.de\/wp-content\/uploads\/2019\/08\/DSC_0879_1-768x511.jpg 768w\" sizes=\"auto, (max-width: 630px) 100vw, 630px\" \/><figcaption>Island<\/figcaption><\/figure>\n\n\n\n<figure class=\"wp-block-image is-resized\"><img loading=\"lazy\" decoding=\"async\" src=\"https:\/\/weltreise.lipkowitsch.de\/wp-content\/uploads\/2019\/08\/DSCF0911-1024x768.jpg\" alt=\"\" class=\"wp-image-95\" width=\"635\" height=\"476\" srcset=\"https:\/\/weltreise.lipkowitsch.de\/wp-content\/uploads\/2019\/08\/DSCF0911-1024x768.jpg 1024w, https:\/\/weltreise.lipkowitsch.de\/wp-content\/uploads\/2019\/08\/DSCF0911-300x225.jpg 300w, https:\/\/weltreise.lipkowitsch.de\/wp-content\/uploads\/2019\/08\/DSCF0911-768x576.jpg 768w\" sizes=\"auto, (max-width: 635px) 100vw, 635px\" \/><figcaption>Niagra Falls<\/figcaption><\/figure>\n\n\n\n<figure class=\"wp-block-image is-resized\"><img loading=\"lazy\" decoding=\"async\" src=\"https:\/\/weltreise.lipkowitsch.de\/wp-content\/uploads\/2019\/08\/CR_2860-1024x680.jpg\" alt=\"\" class=\"wp-image-97\" width=\"634\" height=\"421\" srcset=\"https:\/\/weltreise.lipkowitsch.de\/wp-content\/uploads\/2019\/08\/CR_2860-1024x680.jpg 1024w, https:\/\/weltreise.lipkowitsch.de\/wp-content\/uploads\/2019\/08\/CR_2860-300x199.jpg 300w, https:\/\/weltreise.lipkowitsch.de\/wp-content\/uploads\/2019\/08\/CR_2860-768x510.jpg 768w\" sizes=\"auto, (max-width: 634px) 100vw, 634px\" \/><figcaption>Im Corcovado Nationalpark in Costa Rica<\/figcaption><\/figure>\n\n\n\n<figure class=\"wp-block-image is-resized\"><img loading=\"lazy\" decoding=\"async\" src=\"https:\/\/weltreise.lipkowitsch.de\/wp-content\/uploads\/2019\/08\/DSC00667-1024x768.jpg\" alt=\"\" class=\"wp-image-98\" width=\"637\" height=\"477\" srcset=\"https:\/\/weltreise.lipkowitsch.de\/wp-content\/uploads\/2019\/08\/DSC00667-1024x768.jpg 1024w, https:\/\/weltreise.lipkowitsch.de\/wp-content\/uploads\/2019\/08\/DSC00667-300x225.jpg 300w, https:\/\/weltreise.lipkowitsch.de\/wp-content\/uploads\/2019\/08\/DSC00667-768x576.jpg 768w\" sizes=\"auto, (max-width: 637px) 100vw, 637px\" \/><figcaption>Sardinien<\/figcaption><\/figure>\n\n\n\n<figure class=\"wp-block-image is-resized\"><img loading=\"lazy\" decoding=\"async\" src=\"https:\/\/weltreise.lipkowitsch.de\/wp-content\/uploads\/2019\/08\/DSC05692-1024x680.jpg\" alt=\"\" class=\"wp-image-100\" width=\"634\" height=\"420\" srcset=\"https:\/\/weltreise.lipkowitsch.de\/wp-content\/uploads\/2019\/08\/DSC05692-1024x680.jpg 1024w, https:\/\/weltreise.lipkowitsch.de\/wp-content\/uploads\/2019\/08\/DSC05692-300x199.jpg 300w, https:\/\/weltreise.lipkowitsch.de\/wp-content\/uploads\/2019\/08\/DSC05692-768x510.jpg 768w\" sizes=\"auto, (max-width: 634px) 100vw, 634px\" \/><figcaption>Markt in Rantepao, Sulawesi<\/figcaption><\/figure>\n\n\n\n<figure class=\"wp-block-image is-resized\"><img loading=\"lazy\" decoding=\"async\" src=\"https:\/\/weltreise.lipkowitsch.de\/wp-content\/uploads\/2019\/08\/DSC05455-1024x680.jpg\" alt=\"\" class=\"wp-image-102\" width=\"636\" height=\"422\" srcset=\"https:\/\/weltreise.lipkowitsch.de\/wp-content\/uploads\/2019\/08\/DSC05455-1024x680.jpg 1024w, https:\/\/weltreise.lipkowitsch.de\/wp-content\/uploads\/2019\/08\/DSC05455-300x199.jpg 300w, https:\/\/weltreise.lipkowitsch.de\/wp-content\/uploads\/2019\/08\/DSC05455-768x510.jpg 768w\" sizes=\"auto, (max-width: 636px) 100vw, 636px\" \/><figcaption> Air Terjun Saluopa, Danau Poso, Sulawesi<\/figcaption><\/figure>\n\n\n\n<figure class=\"wp-block-image is-resized\"><img loading=\"lazy\" decoding=\"async\" src=\"https:\/\/weltreise.lipkowitsch.de\/wp-content\/uploads\/2019\/08\/DSC00804-1024x680.jpg\" alt=\"\" class=\"wp-image-103\" width=\"637\" height=\"423\" srcset=\"https:\/\/weltreise.lipkowitsch.de\/wp-content\/uploads\/2019\/08\/DSC00804-1024x680.jpg 1024w, https:\/\/weltreise.lipkowitsch.de\/wp-content\/uploads\/2019\/08\/DSC00804-300x199.jpg 300w, https:\/\/weltreise.lipkowitsch.de\/wp-content\/uploads\/2019\/08\/DSC00804-768x510.jpg 768w\" sizes=\"auto, (max-width: 637px) 100vw, 637px\" \/><figcaption>Bocas del Toro, Panama<\/figcaption><\/figure>\n\n\n\n<figure class=\"wp-block-image is-resized\"><img loading=\"lazy\" decoding=\"async\" src=\"https:\/\/weltreise.lipkowitsch.de\/wp-content\/uploads\/2019\/08\/DSC02849-1024x768.jpg\" alt=\"\" class=\"wp-image-108\" width=\"634\" height=\"474\"\/><figcaption>Englischer Garten<\/figcaption><\/figure>\n\n\n\n<figure class=\"wp-block-image is-resized\"><img loading=\"lazy\" decoding=\"async\" src=\"https:\/\/weltreise.lipkowitsch.de\/wp-content\/uploads\/2019\/08\/Schneek\u00fche-1024x576.jpg\" alt=\"\" class=\"wp-image-109\" width=\"634\" height=\"356\" srcset=\"https:\/\/weltreise.lipkowitsch.de\/wp-content\/uploads\/2019\/08\/Schneek\u00fche-1024x576.jpg 1024w, https:\/\/weltreise.lipkowitsch.de\/wp-content\/uploads\/2019\/08\/Schneek\u00fche-300x169.jpg 300w, https:\/\/weltreise.lipkowitsch.de\/wp-content\/uploads\/2019\/08\/Schneek\u00fche-768x432.jpg 768w\" sizes=\"auto, (max-width: 634px) 100vw, 634px\" \/><figcaption>Berninapass<\/figcaption><\/figure>\n\n\n\n<figure class=\"wp-block-image is-resized\"><img loading=\"lazy\" decoding=\"async\" src=\"https:\/\/weltreise.lipkowitsch.de\/wp-content\/uploads\/2019\/08\/DSC02150-1024x768.jpg\" alt=\"\" class=\"wp-image-111\" width=\"636\" height=\"477\" srcset=\"https:\/\/weltreise.lipkowitsch.de\/wp-content\/uploads\/2019\/08\/DSC02150-1024x768.jpg 1024w, https:\/\/weltreise.lipkowitsch.de\/wp-content\/uploads\/2019\/08\/DSC02150-300x225.jpg 300w, https:\/\/weltreise.lipkowitsch.de\/wp-content\/uploads\/2019\/08\/DSC02150-768x576.jpg 768w\" sizes=\"auto, (max-width: 636px) 100vw, 636px\" \/><figcaption>Fanes, Dolomiten<\/figcaption><\/figure>\n\n\n\n<figure class=\"wp-block-image is-resized\"><img loading=\"lazy\" decoding=\"async\" src=\"https:\/\/weltreise.lipkowitsch.de\/wp-content\/uploads\/2019\/08\/DSCF0757-1024x768.jpg\" alt=\"\" class=\"wp-image-112\" width=\"634\" height=\"475\" srcset=\"https:\/\/weltreise.lipkowitsch.de\/wp-content\/uploads\/2019\/08\/DSCF0757-1024x768.jpg 1024w, https:\/\/weltreise.lipkowitsch.de\/wp-content\/uploads\/2019\/08\/DSCF0757-300x225.jpg 300w, https:\/\/weltreise.lipkowitsch.de\/wp-content\/uploads\/2019\/08\/DSCF0757-768x576.jpg 768w\" sizes=\"auto, (max-width: 634px) 100vw, 634px\" \/><figcaption>Blasket Islands, Irland<\/figcaption><\/figure>\n\n\n\n<figure class=\"wp-block-image is-resized\"><img loading=\"lazy\" decoding=\"async\" src=\"https:\/\/weltreise.lipkowitsch.de\/wp-content\/uploads\/2019\/08\/DSC00836-1024x680.jpg\" alt=\"\" class=\"wp-image-114\" width=\"636\" height=\"422\" srcset=\"https:\/\/weltreise.lipkowitsch.de\/wp-content\/uploads\/2019\/08\/DSC00836-1024x680.jpg 1024w, https:\/\/weltreise.lipkowitsch.de\/wp-content\/uploads\/2019\/08\/DSC00836-300x199.jpg 300w, https:\/\/weltreise.lipkowitsch.de\/wp-content\/uploads\/2019\/08\/DSC00836-768x510.jpg 768w\" sizes=\"auto, (max-width: 636px) 100vw, 636px\" \/><figcaption>Finnland<\/figcaption><\/figure>\n\n\n\n<figure class=\"wp-block-image is-resized\"><img loading=\"lazy\" decoding=\"async\" src=\"https:\/\/weltreise.lipkowitsch.de\/wp-content\/uploads\/2019\/08\/ALF00107-1024x683.jpg\" alt=\"\" class=\"wp-image-115\" width=\"634\" height=\"423\" srcset=\"https:\/\/weltreise.lipkowitsch.de\/wp-content\/uploads\/2019\/08\/ALF00107-1024x683.jpg 1024w, https:\/\/weltreise.lipkowitsch.de\/wp-content\/uploads\/2019\/08\/ALF00107-300x200.jpg 300w, https:\/\/weltreise.lipkowitsch.de\/wp-content\/uploads\/2019\/08\/ALF00107-768x512.jpg 768w\" sizes=\"auto, (max-width: 634px) 100vw, 634px\" \/><figcaption>Rechter Kondenswinkel<\/figcaption><\/figure>\n","protected":false},"excerpt":{"rendered":"","protected":false},"author":1,"featured_media":0,"parent":144,"menu_order":0,"comment_status":"closed","ping_status":"closed","template":"","meta":{"footnotes":""},"class_list":["post-91","page","type-page","status-publish","hentry"],"_links":{"self":[{"href":"https:\/\/weltreise.lipkowitsch.de\/index.php\/wp-json\/wp\/v2\/pages\/91","targetHints":{"allow":["GET"]}}],"collection":[{"href":"https:\/\/weltreise.lipkowitsch.de\/index.php\/wp-json\/wp\/v2\/pages"}],"about":[{"href":"https:\/\/weltreise.lipkowitsch.de\/index.php\/wp-json\/wp\/v2\/types\/page"}],"author":[{"embeddable":true,"href":"https:\/\/weltreise.lipkowitsch.de\/index.php\/wp-json\/wp\/v2\/users\/1"}],"replies":[{"embeddable":true,"href":"https:\/\/weltreise.lipkowitsch.de\/index.php\/wp-json\/wp\/v2\/comments?post=91"}],"version-history":[{"count":13,"href":"https:\/\/weltreise.lipkowitsch.de\/index.php\/wp-json\/wp\/v2\/pages\/91\/revisions"}],"predecessor-version":[{"id":180,"href":"https:\/\/weltreise.lipkowitsch.de\/index.php\/wp-json\/wp\/v2\/pages\/91\/revisions\/180"}],"up":[{"embeddable":true,"href":"https:\/\/weltreise.lipkowitsch.de\/index.php\/wp-json\/wp\/v2\/pages\/144"}],"wp:attachment":[{"href":"https:\/\/weltreise.lipkowitsch.de\/index.php\/wp-json\/wp\/v2\/media?parent=91"}],"curies":[{"name":"wp","href":"https:\/\/api.w.org\/{rel}","templated":true}]}}