{"id":70,"date":"2019-08-25T12:48:59","date_gmt":"2019-08-25T12:48:59","guid":{"rendered":"https:\/\/niko.lipkowitsch.de\/?page_id=70"},"modified":"2020-04-13T20:27:08","modified_gmt":"2020-04-13T20:27:08","slug":"chile","status":"publish","type":"page","link":"https:\/\/weltreise.lipkowitsch.de\/index.php\/chile\/","title":{"rendered":"Chile"},"content":{"rendered":"\n<style type=\"text\/css\" id=\"gmpMapStyles_9_52893\">\r\n\t#google_map_easy_9_52893 {\r\n        width: 100%;\r\n        height: 800px;\r\n\t\t\t\t\t\t    }\r\n\t#gmapControlsNum_9_52893 {\r\n\t\twidth:100%\t}\r\n\t.gmpMapDetailsContainer#gmpMapDetailsContainer_9_52893 {\r\n\t\theight:800px;\r\n\t}\r\n\t.gmp_MapPreview#google_map_easy_9_52893 {\r\n\t\t\/*position:absolute;*\/\r\n\t\twidth: 100%;\r\n\t}\r\n\t#mapConElem_9_52893{\r\n\t\twidth: 100%\t}\r\n    .gm-style .gm-style-iw-c{\r\n        padding: 12px!important;\r\n    }\r\n\t    <\/style>\r\n <div class=\"gmp_map_opts\" id=\"mapConElem_9_52893\" data-id=\"9\" data-view-id=\"9_52893\" > <div class=\"gmpMapDetailsContainer\" id=\"gmpMapDetailsContainer_9_52893\"> <i class=\"gmpKMLLayersPreloader fa fa-spinner fa-spin\" aria-hidden=\"true\" style=\"display: none;\"><\/i> <div class=\"gmp_MapPreview \" id=\"google_map_easy_9_52893\"><\/div> <\/div> <div class=\"gmpMapMarkerFilters\" id=\"gmpMapMarkerFilters_9_52893\"> <\/div> <div class=\"gmpMapProControlsCon\" id=\"gmpMapProControlsCon_9_52893\"> <a title=\"WordPress Google Maps\" style=\"display:none;\" href=\"https:\/\/supsystic.com\/plugins\/google-maps-plugin\/?utm_medium=love_link_hide\" target=\"_blank\">WordPress Google Maps<\/a><div style=\"clear: both;\"><\/div> <\/div> <div class=\"gmpMapProDirectionsCon\" id=\"gmpMapProDirectionsCon_9_52893\" > <\/div> <div class=\"gmpMapProKmlFilterCon\" id=\"gmpMapProKmlFilterCon_9_52893\" > <\/div> <div class=\"gmpSocialSharingShell gmpSocialSharingShell_9_52893\"> <\/div> <div style=\"clear: both;\"><\/div> <\/div> \n\n\n\n<p><br><br>Bestellt man ein Wasser, einen Saft oder ein Cocktail, kann es schon mal 20 Minuten dauern, bis serviert wird,  falls man der einzige Gast im Restaurant ist, sonst auch etwas l\u00e4nger&#8230;. Wenn man an dem Tag noch was vor hat, sollte man die Rechnung gleich mitbestellen.<\/p>\n\n\n\n<p>In Chile bewegen sich die Menschen sp\u00fcrbar langsamer als wir das gewohnt sind. Gerne steht mal eine ganze Familie ratschend mitten im Weg, in der Stadt, auf dem Wanderweg, am Ausgang im Flughafen, &#8230; Auch eine gr\u00fcn gewordene Ampel ist nicht der Trigger zum Losfahren, sondern erst die Hupe des dahinter stehenden Wagens. Daf\u00fcr werden einem aber auch eigene Fehler nicht krumm genommen; mal gegen die Einbahnstra\u00dfe gefahren, das Parkticket vergessen zu zahlen, das Brot nicht gewogen und etikettiert, etc.<\/p>\n\n\n<ul class=\"display-posts-listing\"><li class=\"listing-item\"><a class=\"title\" href=\"https:\/\/weltreise.lipkowitsch.de\/index.php\/2020\/01\/27\/ach-chile\/\">Ach, Chile<\/a><\/li><li class=\"listing-item\"><a class=\"title\" href=\"https:\/\/weltreise.lipkowitsch.de\/index.php\/2020\/01\/28\/rafting-im-rio-petrohue\/\">Rafting im Rio Petrohue<\/a><\/li><li class=\"listing-item\"><a class=\"title\" href=\"https:\/\/weltreise.lipkowitsch.de\/index.php\/2020\/01\/29\/nationalpark-vicente-perez-rosales\/\">Nationalpark Vicente P\u00e9rez Rosales<\/a><\/li><li class=\"listing-item\"><a class=\"title\" href=\"https:\/\/weltreise.lipkowitsch.de\/index.php\/2020\/02\/02\/chile-rehabilitiert\/\">Chile, rehabilitiert<\/a><\/li><li class=\"listing-item\"><a class=\"title\" href=\"https:\/\/weltreise.lipkowitsch.de\/index.php\/2020\/02\/03\/la-isla-chiloe\/\">La Isla Chiloe<\/a><\/li><li class=\"listing-item\"><a class=\"title\" href=\"https:\/\/weltreise.lipkowitsch.de\/index.php\/2020\/02\/06\/licht-und-schatten\/\">Licht und Schatten<\/a><\/li><li class=\"listing-item\"><a class=\"title\" href=\"https:\/\/weltreise.lipkowitsch.de\/index.php\/2020\/02\/08\/ciao-puerto-montt\/\">Ciao, Puerto Montt<\/a><\/li><li class=\"listing-item\"><a class=\"title\" href=\"https:\/\/weltreise.lipkowitsch.de\/index.php\/2020\/02\/08\/maximale-flexibilitaet\/\">Maximale Flexibilit\u00e4t<\/a><\/li><li class=\"listing-item\"><a class=\"title\" href=\"https:\/\/weltreise.lipkowitsch.de\/index.php\/2020\/02\/10\/punta-arenas\/\">Punta Arenas<\/a><\/li><li class=\"listing-item\"><a class=\"title\" href=\"https:\/\/weltreise.lipkowitsch.de\/index.php\/2020\/02\/10\/die-koenigspinguine-auf-feuerland\/\">Die K\u00f6nigspinguine auf Feuerland<\/a><\/li><li class=\"listing-item\"><a class=\"title\" href=\"https:\/\/weltreise.lipkowitsch.de\/index.php\/2020\/02\/11\/noch-mehr-pinguine\/\">Noch mehr Pinguine<\/a><\/li><li class=\"listing-item\"><a class=\"title\" href=\"https:\/\/weltreise.lipkowitsch.de\/index.php\/2020\/02\/14\/torres-del-paine-und-laguna-azul\/\">Torres del Paine und Laguna Azul<\/a><\/li><li class=\"listing-item\"><a class=\"title\" href=\"https:\/\/weltreise.lipkowitsch.de\/index.php\/2020\/02\/14\/eisberge-und-puma-am-cerro-del-paine\/\">Eisberge und Puma am Cerro del Paine<\/a><\/li><li class=\"listing-item\"><a class=\"title\" href=\"https:\/\/weltreise.lipkowitsch.de\/index.php\/2020\/02\/17\/wir-haetten-erschossen-gehoert\/\">&#8218;Wir h\u00e4tten erschossen geh\u00f6rt&#8216;<\/a><\/li><li class=\"listing-item\"><a class=\"title\" href=\"https:\/\/weltreise.lipkowitsch.de\/index.php\/2020\/02\/17\/riesenparty-geschenkt-bekommen\/\">Riesenparty geschenkt bekommen<\/a><\/li><li class=\"listing-item\"><a class=\"title\" href=\"https:\/\/weltreise.lipkowitsch.de\/index.php\/2020\/03\/03\/atacama-echt-atemberaubend\/\">Atacama \u2013 echt atemberaubend<\/a><\/li><li class=\"listing-item\"><a class=\"title\" href=\"https:\/\/weltreise.lipkowitsch.de\/index.php\/2020\/03\/03\/salz-bis-zum-horizont-salar-de-atacama\/\">Salz bis zum Horizont: Salar de Atacama<\/a><\/li><li class=\"listing-item\"><a class=\"title\" href=\"https:\/\/weltreise.lipkowitsch.de\/index.php\/2020\/03\/05\/el-tatio-die-hoechsten-geysire-der-welt\/\">El Tatio &#8211; Die h\u00f6chsten Geysire der Welt<\/a><\/li><li class=\"listing-item\"><a class=\"title\" href=\"https:\/\/weltreise.lipkowitsch.de\/index.php\/2020\/03\/05\/cerro-toco-unser-erster-fuenftausender\/\">Cerro Toco &#8211; unser erster F\u00fcnftausender<\/a><\/li><li class=\"listing-item\"><a class=\"title\" href=\"https:\/\/weltreise.lipkowitsch.de\/index.php\/2020\/03\/05\/die-unglaublichen-farben-der-atacama\/\">Die unglaublichen Farben der Atacama<\/a><\/li><li class=\"listing-item\"><a class=\"title\" href=\"https:\/\/weltreise.lipkowitsch.de\/index.php\/2020\/03\/08\/valle-arco-iris-das-tal-des-regenbogens\/\">Valle Arco Iris &#8211; das Tal des Regenbogens<\/a><\/li><li class=\"listing-item\"><a class=\"title\" href=\"https:\/\/weltreise.lipkowitsch.de\/index.php\/2020\/03\/08\/mit-dem-bus-auf-der-panamericana-nach-norden\/\">Mit dem Bus auf der Panamericana nach Norden<\/a><\/li><\/ul>\n","protected":false},"excerpt":{"rendered":"<p>Bestellt man ein Wasser, einen Saft oder ein Cocktail, kann es schon mal 20 Minuten dauern, bis serviert wird, falls man der einzige Gast im Restaurant ist, sonst auch etwas l\u00e4nger&#8230;. Wenn man an dem Tag noch was vor hat, sollte man die Rechnung gleich mitbestellen. In Chile bewegen sich die Menschen sp\u00fcrbar langsamer als &hellip; <\/p>\n<p class=\"link-more\"><a href=\"https:\/\/weltreise.lipkowitsch.de\/index.php\/2020\/03\/08\/mit-dem-bus-auf-der-panamericana-nach-norden\/\" class=\"more-link\"><span class=\"screen-reader-text\">\u201eMit dem Bus auf der Panamericana nach Norden\u201c <\/span>weiterlesen<\/a><\/p>\n","protected":false},"author":1,"featured_media":0,"parent":0,"menu_order":0,"comment_status":"closed","ping_status":"closed","template":"","meta":{"footnotes":""},"class_list":["post-70","page","type-page","status-publish","hentry"],"_links":{"self":[{"href":"https:\/\/weltreise.lipkowitsch.de\/index.php\/wp-json\/wp\/v2\/pages\/70","targetHints":{"allow":["GET"]}}],"collection":[{"href":"https:\/\/weltreise.lipkowitsch.de\/index.php\/wp-json\/wp\/v2\/pages"}],"about":[{"href":"https:\/\/weltreise.lipkowitsch.de\/index.php\/wp-json\/wp\/v2\/types\/page"}],"author":[{"embeddable":true,"href":"https:\/\/weltreise.lipkowitsch.de\/index.php\/wp-json\/wp\/v2\/users\/1"}],"replies":[{"embeddable":true,"href":"https:\/\/weltreise.lipkowitsch.de\/index.php\/wp-json\/wp\/v2\/comments?post=70"}],"version-history":[{"count":9,"href":"https:\/\/weltreise.lipkowitsch.de\/index.php\/wp-json\/wp\/v2\/pages\/70\/revisions"}],"predecessor-version":[{"id":2620,"href":"https:\/\/weltreise.lipkowitsch.de\/index.php\/wp-json\/wp\/v2\/pages\/70\/revisions\/2620"}],"wp:attachment":[{"href":"https:\/\/weltreise.lipkowitsch.de\/index.php\/wp-json\/wp\/v2\/media?parent=70"}],"curies":[{"name":"wp","href":"https:\/\/api.w.org\/{rel}","templated":true}]}}