{"id":67,"date":"2019-08-25T12:48:59","date_gmt":"2019-08-25T12:48:59","guid":{"rendered":"https:\/\/niko.lipkowitsch.de\/?page_id=67"},"modified":"2020-04-18T11:34:33","modified_gmt":"2020-04-18T11:34:33","slug":"neuseeland","status":"publish","type":"page","link":"https:\/\/weltreise.lipkowitsch.de\/index.php\/neuseeland\/","title":{"rendered":"Neuseeland"},"content":{"rendered":"\n<style type=\"text\/css\" id=\"gmpMapStyles_6_4716\">\r\n\t#google_map_easy_6_4716 {\r\n        width: 100%;\r\n        height: 750px;\r\n\t\t\t\t\t\t    }\r\n\t#gmapControlsNum_6_4716 {\r\n\t\twidth:100%\t}\r\n\t.gmpMapDetailsContainer#gmpMapDetailsContainer_6_4716 {\r\n\t\theight:750px;\r\n\t}\r\n\t.gmp_MapPreview#google_map_easy_6_4716 {\r\n\t\t\/*position:absolute;*\/\r\n\t\twidth: 100%;\r\n\t}\r\n\t#mapConElem_6_4716{\r\n\t\twidth: 100%\t}\r\n    .gm-style .gm-style-iw-c{\r\n        padding: 12px!important;\r\n    }\r\n\t    <\/style>\r\n <div class=\"gmp_map_opts\" id=\"mapConElem_6_4716\" data-id=\"6\" data-view-id=\"6_4716\" > <div class=\"gmpMapDetailsContainer\" id=\"gmpMapDetailsContainer_6_4716\"> <i class=\"gmpKMLLayersPreloader fa fa-spinner fa-spin\" aria-hidden=\"true\" style=\"display: none;\"><\/i> <div class=\"gmp_MapPreview \" id=\"google_map_easy_6_4716\"><\/div> <\/div> <div class=\"gmpMapMarkerFilters\" id=\"gmpMapMarkerFilters_6_4716\"> <\/div> <div class=\"gmpMapProControlsCon\" id=\"gmpMapProControlsCon_6_4716\"> <a title=\"WordPress Google Maps\" style=\"display:none;\" href=\"https:\/\/supsystic.com\/plugins\/google-maps-plugin\/?utm_medium=love_link_hide\" target=\"_blank\">WordPress Google Maps<\/a><div style=\"clear: both;\"><\/div> <\/div> <div class=\"gmpMapProDirectionsCon\" id=\"gmpMapProDirectionsCon_6_4716\" > <\/div> <div class=\"gmpMapProKmlFilterCon\" id=\"gmpMapProKmlFilterCon_6_4716\" > <\/div> <div class=\"gmpSocialSharingShell gmpSocialSharingShell_6_4716\"> <\/div> <div style=\"clear: both;\"><\/div> <\/div> \n\n\n\n<p><br><br>Die Spatzen hier sind gr\u00f6\u00dfenwahnsinnig, versucht doch einer im Cafe von unserem Teller ein halbes Mandelcroissant zu packen und damit abzuhauen. Die Kr\u00fcmel, die ich zuvor als Ablenkungsman\u00f6ver auf den Boden gestreut hatte, waren wohl unter seiner W\u00fcrde.<\/p>\n\n\n\n<p>\u00dcberhaupt f\u00e4llt auf, dass die Fluchtdistanz aller V\u00f6gel in Neuseeland erheblich niedriger ist, als in weiten Teilen der Welt. Das ist oft sehr sch\u00f6n, um die fremden Arten aus der N\u00e4he zu betrachten, kann aber auch nervig sein, wenn z.B. die H\u00fchner ins Auto steigen um sich dann dort zu erleichtern.<\/p>\n\n\n\n<p>Unterwegs gibt&#8217;s am Stra\u00dfenrand Bio Pferde\u00e4pfel, 5$ der Sack, die normalen sind kostenlos zum mitnehmen. Man g\u00f6nnt sich ja sonst nix&#8230;<\/p>\n\n\n\n<p>Kulinarisch ist Neuseeland sicher nicht weit von Gro\u00dfbritannien einzuordnen, umso erstaunlicher ist, dass es \u00fcberall sehr guten Cappucino gibt &#8211; man muss nur aufpassen, dass er nicht mit Zimt oder Nesquick verdorben wird: NO topping, please!<\/p>\n\n\n\n<p>Angesichts der Bierpreise und der \u00fcblichen Flaschengr\u00f6\u00dfen ist die Begeisterung der Neuseel\u00e4nder f\u00fcr das Oktoberfest nur allzu verst\u00e4ndlich. Noch h\u00f6her in der Wertsch\u00e4tzung steht allerdings die deutsche Autobahn. Die Empfangsdame im Hotel in Wellington erz\u00e4hlt begeistert von ihrem ausgeliehenen Maserati, mit dem sie zu ihrem 40. Geburtstag 247 gefahren sei.<\/p>\n\n\n\n<p>&#8218;Buy Kiwi&#8216; steht auf vielen Schildern, aber nirgends gibt es sie zu kaufen. Gemeint ist nat\u00fcrlich, nur neuseel\u00e4ndische Produkte zu kaufen.<\/p>\n\n\n\n<p>Die Enten am Campingplatz in Kaiteriteri sind aufdringlich. St\u00e4ndig sind sie am Betteln und gibt man ihnen nichts, schnappen sie auch schon mal zu. Ich m\u00f6chte der unversch\u00e4mtesten eine Lehre erteilen und f\u00fcttere ihr Zwiebeln, die sie begeistert frisst. In der Konsequenz wird der Schwarm M\u00f6ven aufmerksam, dass es hier was gibt und st\u00fcrzt mit gro\u00dfem Geschrei auf die Ente. Am n\u00e4chsten Morgen hat die Ente D\u00fcnnschiss und kackt direkt vor die T\u00fcr vom Camper, so ein Schei\u00df.<\/p>\n\n\n\n<p>If you find a straight road in New Zealand &#8211; stop and make a foto<\/p>\n\n\n\n<p>Die Musik in den Kneipen ist in einer Zeitschleife zwischen den Beatles und Abba h\u00e4ngen geblieben, nicht die schlechteste Zeit f\u00fcr einen H\u00e4nger. Das Internet ist leider im 20 Jahrhundert h\u00e4ngen geblieben, Kilobits im ISDN Tempo, st\u00fcckweise zu bezahlen.<\/p>\n\n\n\n<figure class=\"wp-block-image size-large\"><img loading=\"lazy\" decoding=\"async\" width=\"1024\" height=\"682\" src=\"https:\/\/weltreise.lipkowitsch.de\/wp-content\/uploads\/2020\/01\/P1050332-1024x682.jpg\" alt=\"\" class=\"wp-image-1660\" srcset=\"https:\/\/weltreise.lipkowitsch.de\/wp-content\/uploads\/2020\/01\/P1050332-1024x682.jpg 1024w, https:\/\/weltreise.lipkowitsch.de\/wp-content\/uploads\/2020\/01\/P1050332-300x200.jpg 300w, https:\/\/weltreise.lipkowitsch.de\/wp-content\/uploads\/2020\/01\/P1050332-768x512.jpg 768w, https:\/\/weltreise.lipkowitsch.de\/wp-content\/uploads\/2020\/01\/P1050332-1536x1023.jpg 1536w, https:\/\/weltreise.lipkowitsch.de\/wp-content\/uploads\/2020\/01\/P1050332.jpg 1732w\" sizes=\"auto, (max-width: 767px) 89vw, (max-width: 1000px) 54vw, (max-width: 1071px) 543px, 580px\" \/><figcaption>Die sachgem\u00e4\u00dfe Verwendung von Wasserfahrzeugen ist nicht allen Neuseel\u00e4ndern gel\u00e4ufig<\/figcaption><\/figure>\n\n\n<ul class=\"display-posts-listing\"><li class=\"listing-item\"><a class=\"title\" href=\"https:\/\/weltreise.lipkowitsch.de\/index.php\/2019\/11\/20\/awkland-oder-der-muehsame-anlauf-in-einem-neuen-land\/\">Awkland oder der m\u00fchsame Anlauf in einem neuen Land<\/a><\/li><li class=\"listing-item\"><a class=\"title\" href=\"https:\/\/weltreise.lipkowitsch.de\/index.php\/2019\/11\/22\/die-kauri-waelder\/\">Die Kauri W\u00e4lder<\/a><\/li><li class=\"listing-item\"><a class=\"title\" href=\"https:\/\/weltreise.lipkowitsch.de\/index.php\/2019\/11\/23\/die-kauris-in-den-mythen-der-maori\/\">Die Kauris in den Mythen der Maori<\/a><\/li><li class=\"listing-item\"><a class=\"title\" href=\"https:\/\/weltreise.lipkowitsch.de\/index.php\/2019\/11\/24\/bay-of-islands\/\">Bay of Islands<\/a><\/li><li class=\"listing-item\"><a class=\"title\" href=\"https:\/\/weltreise.lipkowitsch.de\/index.php\/2019\/11\/27\/coromandel-halbinsel\/\">Coromandel Halbinsel<\/a><\/li><li class=\"listing-item\"><a class=\"title\" href=\"https:\/\/weltreise.lipkowitsch.de\/index.php\/2019\/11\/29\/rotorua-und-der-grauslige-zeltplatz\/\">Rotorua und der grauslige Zeltplatz<\/a><\/li><li class=\"listing-item\"><a class=\"title\" href=\"https:\/\/weltreise.lipkowitsch.de\/index.php\/2019\/11\/30\/das-thermalgebiet-te-puia\/\">Das Thermalgebiet Te Puia<\/a><\/li><li class=\"listing-item\"><a class=\"title\" href=\"https:\/\/weltreise.lipkowitsch.de\/index.php\/2019\/11\/30\/heisse-quellen-und-sinterterrassen\/\">Hei\u00dfe Quellen und Sinterterrassen<\/a><\/li><li class=\"listing-item\"><a class=\"title\" href=\"https:\/\/weltreise.lipkowitsch.de\/index.php\/2019\/11\/30\/zelten-im-dampfbad\/\">Zelten im Dampfbad<\/a><\/li><li class=\"listing-item\"><a class=\"title\" href=\"https:\/\/weltreise.lipkowitsch.de\/index.php\/2019\/12\/01\/endlich-schlechtes-wetter\/\">Endlich schlechtes Wetter<\/a><\/li><li class=\"listing-item\"><a class=\"title\" href=\"https:\/\/weltreise.lipkowitsch.de\/index.php\/2019\/12\/04\/tongariro-alpine-crossing\/\">Tongariro Alpine Crossing<\/a><\/li><li class=\"listing-item\"><a class=\"title\" href=\"https:\/\/weltreise.lipkowitsch.de\/index.php\/2019\/12\/07\/von-wellington-auf-die-suedinsel-zu-den-marlborough-sounds\/\">Von Wellington auf die S\u00fcdinsel zu den Marlborough Sounds<\/a><\/li><li class=\"listing-item\"><a class=\"title\" href=\"https:\/\/weltreise.lipkowitsch.de\/index.php\/2019\/12\/09\/abel-tasman-nationalpark\/\">Abel Tasman Nationalpark<\/a><\/li><li class=\"listing-item\"><a class=\"title\" href=\"https:\/\/weltreise.lipkowitsch.de\/index.php\/2019\/12\/10\/mit-dem-kayak-zu-den-seebaeren\/\">Mit dem Kayak zu den Seeb\u00e4ren<\/a><\/li><li class=\"listing-item\"><a class=\"title\" href=\"https:\/\/weltreise.lipkowitsch.de\/index.php\/2019\/12\/12\/westkueste-paparoa-nationalpark\/\">Westk\u00fcste: Paparoa-Nationalpark<\/a><\/li><li class=\"listing-item\"><a class=\"title\" href=\"https:\/\/weltreise.lipkowitsch.de\/index.php\/2019\/12\/13\/die-kea-dame-am-arthur-pass\/\">Die Kea Dame am Arthur-Pass<\/a><\/li><li class=\"listing-item\"><a class=\"title\" href=\"https:\/\/weltreise.lipkowitsch.de\/index.php\/2019\/12\/14\/durch-die-suedalpen-neuseelands\/\">Durch die S\u00fcdalpen Neuseelands<\/a><\/li><li class=\"listing-item\"><a class=\"title\" href=\"https:\/\/weltreise.lipkowitsch.de\/index.php\/2019\/12\/14\/jetboat-spass-in-der-rakaia-schlucht\/\">Jetboat Spa\u00df in der Rakaia Schlucht<\/a><\/li><li class=\"listing-item\"><a class=\"title\" href=\"https:\/\/weltreise.lipkowitsch.de\/index.php\/2019\/12\/15\/steampunk-und-pinguine-in-oamaru\/\">Steampunk und Pinguine in Oamaru<\/a><\/li><li class=\"listing-item\"><a class=\"title\" href=\"https:\/\/weltreise.lipkowitsch.de\/index.php\/2019\/12\/17\/koenigsalbatrosse-in-dunedin\/\">K\u00f6nigsalbatrosse, Pinguine und Seeb\u00e4ren in Dunedin<\/a><\/li><li class=\"listing-item\"><a class=\"title\" href=\"https:\/\/weltreise.lipkowitsch.de\/index.php\/2019\/12\/19\/maximal-weit-weg\/\">Maximal weit weg<\/a><\/li><li class=\"listing-item\"><a class=\"title\" href=\"https:\/\/weltreise.lipkowitsch.de\/index.php\/2019\/12\/21\/land-unter-im-fiordland-nationalpark\/\">Land unter im Fiordland Nationalpark<\/a><\/li><li class=\"listing-item\"><a class=\"title\" href=\"https:\/\/weltreise.lipkowitsch.de\/index.php\/2019\/12\/23\/milford-sound\/\">Milford Sound<\/a><\/li><li class=\"listing-item\"><a class=\"title\" href=\"https:\/\/weltreise.lipkowitsch.de\/index.php\/2019\/12\/23\/hilfe-ein-kea\/\">Hilfe, ein Kea<\/a><\/li><li class=\"listing-item\"><a class=\"title\" href=\"https:\/\/weltreise.lipkowitsch.de\/index.php\/2019\/12\/23\/von-milford-sound-nach-christchurch\/\">Von Milford Sound nach Christchurch<\/a><\/li><li class=\"listing-item\"><a class=\"title\" href=\"https:\/\/weltreise.lipkowitsch.de\/index.php\/2019\/12\/25\/neuseelands-voegel-sammlung\/\">Neuseelands V\u00f6gel Sammlung<\/a><\/li><li class=\"listing-item\"><a class=\"title\" href=\"https:\/\/weltreise.lipkowitsch.de\/index.php\/2019\/12\/26\/weihnachten-in-christchurch\/\">Weihnachten in Christchurch<\/a><\/li><li class=\"listing-item\"><a class=\"title\" href=\"https:\/\/weltreise.lipkowitsch.de\/index.php\/2019\/12\/27\/mit-zug-und-faehre-zurueck-auf-die-nordinsel\/\">Mit Zug und F\u00e4hre zur\u00fcck auf die Nordinsel<\/a><\/li><li class=\"listing-item\"><a class=\"title\" href=\"https:\/\/weltreise.lipkowitsch.de\/index.php\/2019\/12\/28\/die-funkelnden-hoehlen-von-waitomo\/\">Die funkelnden H\u00f6hlen von Waitomo<\/a><\/li><li class=\"listing-item\"><a class=\"title\" href=\"https:\/\/weltreise.lipkowitsch.de\/index.php\/2019\/12\/29\/mehr-gluehwuermchen-wetas-und-ein-toter-moa\/\">Mehr Gl\u00fchw\u00fcrmchen, Wetas und ein toter Moa<\/a><\/li><li class=\"listing-item\"><a class=\"title\" href=\"https:\/\/weltreise.lipkowitsch.de\/index.php\/2019\/12\/29\/bussfahrt-nach-auckland\/\">Bu\u00dffahrt nach Auckland<\/a><\/li><li class=\"listing-item\"><a class=\"title\" href=\"https:\/\/weltreise.lipkowitsch.de\/index.php\/2019\/12\/31\/was-macht-der-beutelteufel-an-sylvester\/\">Was macht der Beutelteufel an Silvester?<\/a><\/li><\/ul>\n","protected":false},"excerpt":{"rendered":"<p>Die Spatzen hier sind gr\u00f6\u00dfenwahnsinnig, versucht doch einer im Cafe von unserem Teller ein halbes Mandelcroissant zu packen und damit abzuhauen. Die Kr\u00fcmel, die ich zuvor als Ablenkungsman\u00f6ver auf den Boden gestreut hatte, waren wohl unter seiner W\u00fcrde. \u00dcberhaupt f\u00e4llt auf, dass die Fluchtdistanz aller V\u00f6gel in Neuseeland erheblich niedriger ist, als in weiten Teilen &hellip; <\/p>\n<p class=\"link-more\"><a href=\"https:\/\/weltreise.lipkowitsch.de\/index.php\/2019\/12\/31\/was-macht-der-beutelteufel-an-sylvester\/\" class=\"more-link\"><span class=\"screen-reader-text\">\u201eWas macht der Beutelteufel an Silvester?\u201c <\/span>weiterlesen<\/a><\/p>\n","protected":false},"author":1,"featured_media":0,"parent":0,"menu_order":0,"comment_status":"closed","ping_status":"closed","template":"","meta":{"footnotes":""},"class_list":["post-67","page","type-page","status-publish","hentry"],"_links":{"self":[{"href":"https:\/\/weltreise.lipkowitsch.de\/index.php\/wp-json\/wp\/v2\/pages\/67","targetHints":{"allow":["GET"]}}],"collection":[{"href":"https:\/\/weltreise.lipkowitsch.de\/index.php\/wp-json\/wp\/v2\/pages"}],"about":[{"href":"https:\/\/weltreise.lipkowitsch.de\/index.php\/wp-json\/wp\/v2\/types\/page"}],"author":[{"embeddable":true,"href":"https:\/\/weltreise.lipkowitsch.de\/index.php\/wp-json\/wp\/v2\/users\/1"}],"replies":[{"embeddable":true,"href":"https:\/\/weltreise.lipkowitsch.de\/index.php\/wp-json\/wp\/v2\/comments?post=67"}],"version-history":[{"count":20,"href":"https:\/\/weltreise.lipkowitsch.de\/index.php\/wp-json\/wp\/v2\/pages\/67\/revisions"}],"predecessor-version":[{"id":2665,"href":"https:\/\/weltreise.lipkowitsch.de\/index.php\/wp-json\/wp\/v2\/pages\/67\/revisions\/2665"}],"wp:attachment":[{"href":"https:\/\/weltreise.lipkowitsch.de\/index.php\/wp-json\/wp\/v2\/media?parent=67"}],"curies":[{"name":"wp","href":"https:\/\/api.w.org\/{rel}","templated":true}]}}