{"id":66,"date":"2019-08-25T12:48:59","date_gmt":"2019-08-25T12:48:59","guid":{"rendered":"https:\/\/niko.lipkowitsch.de\/?page_id=66"},"modified":"2020-04-18T11:24:53","modified_gmt":"2020-04-18T11:24:53","slug":"samoa","status":"publish","type":"page","link":"https:\/\/weltreise.lipkowitsch.de\/index.php\/samoa\/","title":{"rendered":"Samoa"},"content":{"rendered":"\n<style type=\"text\/css\" id=\"gmpMapStyles_5_41612\">\r\n\t#google_map_easy_5_41612 {\r\n        width: 100%;\r\n        height: 400px;\r\n\t\t\t\t\t\t    }\r\n\t#gmapControlsNum_5_41612 {\r\n\t\twidth:100%\t}\r\n\t.gmpMapDetailsContainer#gmpMapDetailsContainer_5_41612 {\r\n\t\theight:400px;\r\n\t}\r\n\t.gmp_MapPreview#google_map_easy_5_41612 {\r\n\t\t\/*position:absolute;*\/\r\n\t\twidth: 100%;\r\n\t}\r\n\t#mapConElem_5_41612{\r\n\t\twidth: 100%\t}\r\n    .gm-style .gm-style-iw-c{\r\n        padding: 12px!important;\r\n    }\r\n\t    <\/style>\r\n <div class=\"gmp_map_opts\" id=\"mapConElem_5_41612\" data-id=\"5\" data-view-id=\"5_41612\" > <div class=\"gmpMapDetailsContainer\" id=\"gmpMapDetailsContainer_5_41612\"> <i class=\"gmpKMLLayersPreloader fa fa-spinner fa-spin\" aria-hidden=\"true\" style=\"display: none;\"><\/i> <div class=\"gmp_MapPreview \" id=\"google_map_easy_5_41612\"><\/div> <\/div> <div class=\"gmpMapMarkerFilters\" id=\"gmpMapMarkerFilters_5_41612\"> <\/div> <div class=\"gmpMapProControlsCon\" id=\"gmpMapProControlsCon_5_41612\"> <a title=\"WordPress Google Maps\" style=\"display:none;\" href=\"https:\/\/supsystic.com\/plugins\/google-maps-plugin\/?utm_medium=love_link_hide\" target=\"_blank\">WordPress Google Maps<\/a><div style=\"clear: both;\"><\/div> <\/div> <div class=\"gmpMapProDirectionsCon\" id=\"gmpMapProDirectionsCon_5_41612\" > <\/div> <div class=\"gmpMapProKmlFilterCon\" id=\"gmpMapProKmlFilterCon_5_41612\" > <\/div> <div class=\"gmpSocialSharingShell gmpSocialSharingShell_5_41612\"> <\/div> <div style=\"clear: both;\"><\/div> <\/div> \n\n\n\n<p><br><br>Zur Begr\u00fc\u00dfung auf dem Flughafen in Samoa:<\/p>\n\n\n\n<figure class=\"wp-block-image\"><img loading=\"lazy\" decoding=\"async\" width=\"1024\" height=\"768\" src=\"https:\/\/weltreise.lipkowitsch.de\/wp-content\/uploads\/2019\/11\/20191112_110825-1024x768.jpg\" alt=\"\" class=\"wp-image-901\" srcset=\"https:\/\/weltreise.lipkowitsch.de\/wp-content\/uploads\/2019\/11\/20191112_110825-1024x768.jpg 1024w, https:\/\/weltreise.lipkowitsch.de\/wp-content\/uploads\/2019\/11\/20191112_110825-300x225.jpg 300w, https:\/\/weltreise.lipkowitsch.de\/wp-content\/uploads\/2019\/11\/20191112_110825-768x576.jpg 768w, https:\/\/weltreise.lipkowitsch.de\/wp-content\/uploads\/2019\/11\/20191112_110825.jpg 1663w\" sizes=\"auto, (max-width: 767px) 89vw, (max-width: 1000px) 54vw, (max-width: 1071px) 543px, 580px\" \/><\/figure>\n\n\n\n<p>Die Rugby Mannschaft auf dem Bild war mit uns im Flieger auf dem Heimweg von einem Turnier auf Fiji<\/p>\n\n\n\n<ul class=\"wp-block-list\"><li>Zum Mittagessen in einem Restaurant am Hafen in Apia werden wir nach unserem Lieblingssong gefragt, und dann legen sie uns Shallow von Lady Gaga auf.<\/li><li> Die Eigent\u00fcmerin des Souvenirshops erz\u00e4hlt von ihrem deutschen Gro\u00dfvater, der hier die Tochter eines Stammesf\u00fchrers geheiratet hat. Samoa war ja bis zum 1. Weltkrieg deutsche Kolonie.<\/li><li> In Polynesien, besonders aber in Samoa gibt es Menschen, die sich nicht einem der gewohnten Geschlechter zuordnen, die <a href=\"https:\/\/de.m.wikipedia.org\/wiki\/Fa%CA%BBafafine\">Fa\u2019Afafine<\/a>. Auch auf Fiji war uns schon aufgefallen, dass es M\u00e4nner gab, die einen ausgesprochen weiblichen K\u00f6rper hatten und mit hoher Stimmlage gesprochen und besonders hoch (und sch\u00f6n!) gesungen haben. Hier in Samoa sieht man sie \u00f6fter, z. B. im Supermarkt an der Kasse, M\u00e4nner, die geschminkt sind und Schmuck tragen. Sie sind in Samoa als 3. Geschlecht schon immer akzeptierter Teil der Gesellschaft.<\/li><li>Typische Bauwerke auf Samoa sind die fale, offene Pfahlbauten, die alle Familien auf ihrem Grund errichten. Teilweise komplett eingerichtet mit M\u00f6beln, ist es schon eigenartig, im Vorbeifahren den Leuten ins Wohnzimmer zu schauen.<\/li><li>Unser Bungalow, etwas erh\u00f6ht am Strand, hat eine kleine Terrasse von der aus wir sowohl den Sonnenaufgang als auch den Sonnenuntergang sehen k\u00f6nnen. H\u00f6chster Sonnenstand ist um 13:10 bei 86\u00b0. Es f\u00fchlt sich dann fast genauso warm an!<\/li><\/ul>\n\n\n\n<figure class=\"wp-block-image\"><img loading=\"lazy\" decoding=\"async\" width=\"1024\" height=\"576\" src=\"https:\/\/weltreise.lipkowitsch.de\/wp-content\/uploads\/2019\/11\/IMG-20191112-WA0002-2-1024x576.jpeg\" alt=\"\" class=\"wp-image-907\" srcset=\"https:\/\/weltreise.lipkowitsch.de\/wp-content\/uploads\/2019\/11\/IMG-20191112-WA0002-2-1024x576.jpeg 1024w, https:\/\/weltreise.lipkowitsch.de\/wp-content\/uploads\/2019\/11\/IMG-20191112-WA0002-2-300x169.jpeg 300w, https:\/\/weltreise.lipkowitsch.de\/wp-content\/uploads\/2019\/11\/IMG-20191112-WA0002-2-768x432.jpeg 768w\" sizes=\"auto, (max-width: 767px) 89vw, (max-width: 1000px) 54vw, (max-width: 1071px) 543px, 580px\" \/><\/figure>\n\n\n\n<ul class=\"wp-block-list\"><li>Auf Samoa wurde vor 10 Jahren von Rechts- auf Linksverkehr umgestellt. Bei dem bisschen Verkehr ist das wahrscheinlich gar nicht bemerkt worden. F\u00fcr mich ist es aber irritierend, links zu fahren, auf Stra\u00dfen, die aufgemalte, entgegen zeigende Richtungspfeile haben ?<\/li><li>Die D\u00f6rfer sind h\u00fcbsch begr\u00fcnt, jede Familie hat eine gro\u00dfe, gepflegte, kurz geschnittene Rasenfl\u00e4che um ihre H\u00e4user und Fales. Entlang der Stra\u00dfe wachsen bunte B\u00fcsche, meist Kroton, aber auch viele bl\u00fchende Stauden. Es f\u00e4llt auf, dass relativ wenig M\u00fcll herumliegt.<\/li><li>Samoas S\u00fcdk\u00fcste wurde 2009 von einem Tsunami schwer getroffen, ausgel\u00f6st durch ein Seebeben. In unserer Anlage h\u00e4ngen Fotos, die zeigen, dass praktisch alle Bauten dem Erdboden gleich gemacht waren. Jeder hier hat Opfer unter den Verwandten und Freunden zu beklagen. Die Korallen und der Strand sind auch zerst\u00f6rt, aber vereinzelt bilden sich kleine neue Korallenst\u00f6cke in dem Tr\u00fcmmerhaufen. <\/li><li>Samoa liegt, den mittleren BMI der Bev\u00f6lkerung verglichen an 4. Stelle weltweit. Das ist un\u00fcbersehbar und im Flugzeug muss man echt die Nerven behalten, in der Hoffnung, dass  es einen nicht mit voller Breitseite trifft.<\/li><li>Samoa ist ein Hotspot f\u00fcr katholische Sekten. Jedes Dorf hat mindestens 5 Kirchen, der Aufwand und der Platzbedarf erscheint uns ungesund, betrachtet man die sonstigen Lebensverh\u00e4ltnisse. Es konkurrieren die Mormonen, die 7-Tages Adventisten, die Saints of the latter days, die Baptisten, Methodisten, Pfingstkirchler, Zeugen Jehovas, usw. Am Sonntag ist alles \u00f6ffentliche Leben eingestellt, nicht mal Chinesen gibt es, die ihren Laden offen h\u00e4tten.<\/li><li>Besonders auf Savai&#8217;i sind zahlreiche D\u00f6rfer auf relativ jungen Lavastr\u00f6men erbaut. Der Boden ist schwarz, krustig, unbrauchbar f\u00fcr jede Art von Kultur. B\u00e4ume haben sich in tiefere Schichten vorgearbeitet und spenden etwas Schatten. <\/li><\/ul>\n\n\n<ul class=\"display-posts-listing\"><li class=\"listing-item\"><a class=\"title\" href=\"https:\/\/weltreise.lipkowitsch.de\/index.php\/2019\/11\/12\/samoa\/\">Samoa<\/a><\/li><li class=\"listing-item\"><a class=\"title\" href=\"https:\/\/weltreise.lipkowitsch.de\/index.php\/2019\/11\/12\/allerlei-loecher-in-samoa\/\">Allerlei L\u00f6cher in Samoa<\/a><\/li><li class=\"listing-item\"><a class=\"title\" href=\"https:\/\/weltreise.lipkowitsch.de\/index.php\/2019\/11\/13\/fiafia-tanz\/\">Fiafia Tanz<\/a><\/li><li class=\"listing-item\"><a class=\"title\" href=\"https:\/\/weltreise.lipkowitsch.de\/index.php\/2019\/11\/14\/high-end-ressorts\/\">High End Ressorts<\/a><\/li><li class=\"listing-item\"><a class=\"title\" href=\"https:\/\/weltreise.lipkowitsch.de\/index.php\/2019\/11\/16\/blowholes-auf-savaii\/\">Blowholes auf Savai&#8217;i<\/a><\/li><li class=\"listing-item\"><a class=\"title\" href=\"https:\/\/weltreise.lipkowitsch.de\/index.php\/2019\/11\/19\/matareva-beach-fales\/\">Matareva Beach Fales<\/a><\/li><\/ul>\n","protected":false},"excerpt":{"rendered":"<p>Zur Begr\u00fc\u00dfung auf dem Flughafen in Samoa: Die Rugby Mannschaft auf dem Bild war mit uns im Flieger auf dem Heimweg von einem Turnier auf Fiji Zum Mittagessen in einem Restaurant am Hafen in Apia werden wir nach unserem Lieblingssong gefragt, und dann legen sie uns Shallow von Lady Gaga auf. Die Eigent\u00fcmerin des Souvenirshops &hellip; <\/p>\n<p class=\"link-more\"><a href=\"https:\/\/weltreise.lipkowitsch.de\/index.php\/2019\/11\/19\/matareva-beach-fales\/\" class=\"more-link\"><span class=\"screen-reader-text\">\u201eMatareva Beach Fales\u201c <\/span>weiterlesen<\/a><\/p>\n","protected":false},"author":1,"featured_media":0,"parent":0,"menu_order":0,"comment_status":"closed","ping_status":"closed","template":"","meta":{"footnotes":""},"class_list":["post-66","page","type-page","status-publish","hentry"],"_links":{"self":[{"href":"https:\/\/weltreise.lipkowitsch.de\/index.php\/wp-json\/wp\/v2\/pages\/66","targetHints":{"allow":["GET"]}}],"collection":[{"href":"https:\/\/weltreise.lipkowitsch.de\/index.php\/wp-json\/wp\/v2\/pages"}],"about":[{"href":"https:\/\/weltreise.lipkowitsch.de\/index.php\/wp-json\/wp\/v2\/types\/page"}],"author":[{"embeddable":true,"href":"https:\/\/weltreise.lipkowitsch.de\/index.php\/wp-json\/wp\/v2\/users\/1"}],"replies":[{"embeddable":true,"href":"https:\/\/weltreise.lipkowitsch.de\/index.php\/wp-json\/wp\/v2\/comments?post=66"}],"version-history":[{"count":27,"href":"https:\/\/weltreise.lipkowitsch.de\/index.php\/wp-json\/wp\/v2\/pages\/66\/revisions"}],"predecessor-version":[{"id":2662,"href":"https:\/\/weltreise.lipkowitsch.de\/index.php\/wp-json\/wp\/v2\/pages\/66\/revisions\/2662"}],"wp:attachment":[{"href":"https:\/\/weltreise.lipkowitsch.de\/index.php\/wp-json\/wp\/v2\/media?parent=66"}],"curies":[{"name":"wp","href":"https:\/\/api.w.org\/{rel}","templated":true}]}}