{"id":2095,"date":"2020-02-17T16:05:37","date_gmt":"2020-02-17T16:05:37","guid":{"rendered":"https:\/\/niko.lipkowitsch.de\/?page_id=2095"},"modified":"2020-04-13T20:16:04","modified_gmt":"2020-04-13T20:16:04","slug":"argentinien","status":"publish","type":"page","link":"https:\/\/weltreise.lipkowitsch.de\/index.php\/argentinien\/","title":{"rendered":"Argentinien"},"content":{"rendered":"\n<style type=\"text\/css\" id=\"gmpMapStyles_10_92657\">\r\n\t#google_map_easy_10_92657 {\r\n        width: 100%;\r\n        height: 400px;\r\n\t\t\t\t\t\t    }\r\n\t#gmapControlsNum_10_92657 {\r\n\t\twidth:100%\t}\r\n\t.gmpMapDetailsContainer#gmpMapDetailsContainer_10_92657 {\r\n\t\theight:400px;\r\n\t}\r\n\t.gmp_MapPreview#google_map_easy_10_92657 {\r\n\t\t\/*position:absolute;*\/\r\n\t\twidth: 100%;\r\n\t}\r\n\t#mapConElem_10_92657{\r\n\t\twidth: 100%\t}\r\n    .gm-style .gm-style-iw-c{\r\n        padding: 12px!important;\r\n    }\r\n\t    <\/style>\r\n <div class=\"gmp_map_opts\" id=\"mapConElem_10_92657\" data-id=\"10\" data-view-id=\"10_92657\" > <div class=\"gmpMapDetailsContainer\" id=\"gmpMapDetailsContainer_10_92657\"> <i class=\"gmpKMLLayersPreloader fa fa-spinner fa-spin\" aria-hidden=\"true\" style=\"display: none;\"><\/i> <div class=\"gmp_MapPreview \" id=\"google_map_easy_10_92657\"><\/div> <\/div> <div class=\"gmpMapMarkerFilters\" id=\"gmpMapMarkerFilters_10_92657\"> <\/div> <div class=\"gmpMapProControlsCon\" id=\"gmpMapProControlsCon_10_92657\"> <a title=\"WordPress Google Maps\" style=\"display:none;\" href=\"https:\/\/supsystic.com\/plugins\/google-maps-plugin\/?utm_medium=love_link_hide\" target=\"_blank\">WordPress Google Maps<\/a><div style=\"clear: both;\"><\/div> <\/div> <div class=\"gmpMapProDirectionsCon\" id=\"gmpMapProDirectionsCon_10_92657\" > <\/div> <div class=\"gmpMapProKmlFilterCon\" id=\"gmpMapProKmlFilterCon_10_92657\" > <\/div> <div class=\"gmpSocialSharingShell gmpSocialSharingShell_10_92657\"> <\/div> <div style=\"clear: both;\"><\/div> <\/div> \n\n\n\n<p><br><br>Anders als in Chile sind Fu\u00dfg\u00e4nger kein Grund zum Bremsen oder Anhalten.<\/p>\n\n\n\n<p>(Hoch-) Schwangere tragen gerne eine Art Bikini, damit ihr Bauch so richtig zur Geltung kommt.<\/p>\n\n\n\n<p>Fl\u00fcge sind grunds\u00e4tzlich mehr als eine Stunde versp\u00e4tet, alle anderen Veranstaltungen mindestens 15 Minuten.<\/p>\n\n\n\n<p>Friedh\u00f6fe dienen nicht dem Gedenken an den Verstorbenen, sondern den Nachkommen als B\u00fchne, ihr Ansehen und Reichtum zur Schau zu stellen.<\/p>\n\n\n<ul class=\"display-posts-listing\"><li class=\"listing-item\"><a class=\"title\" href=\"https:\/\/weltreise.lipkowitsch.de\/index.php\/2020\/02\/19\/el-calafate-argentinien\/\">El Calafate, Argentinien<\/a><\/li><li class=\"listing-item\"><a class=\"title\" href=\"https:\/\/weltreise.lipkowitsch.de\/index.php\/2020\/02\/20\/perito-moreno-gletscher\/\">Perito Moreno Gletscher<\/a><\/li><li class=\"listing-item\"><a class=\"title\" href=\"https:\/\/weltreise.lipkowitsch.de\/index.php\/2020\/02\/24\/wetterpanne-in-patagonien\/\">Wetterpanne in Patagonien<\/a><\/li><li class=\"listing-item\"><a class=\"title\" href=\"https:\/\/weltreise.lipkowitsch.de\/index.php\/2020\/02\/26\/morbides-buenos-aires\/\">Morbides Buenos Aires<\/a><\/li><li class=\"listing-item\"><a class=\"title\" href=\"https:\/\/weltreise.lipkowitsch.de\/index.php\/2020\/02\/26\/das-grosse-fleisch-fressen-und-die-krise\/\">Das gro\u00dfe (Fleisch-) Fressen und die Krise<\/a><\/li><li class=\"listing-item\"><a class=\"title\" href=\"https:\/\/weltreise.lipkowitsch.de\/index.php\/2020\/02\/29\/buenos-aires-kleine-episoden-zum-erinnern\/\">Buenos Aires &#8211; kleine Episoden zum Erinnern<\/a><\/li><li class=\"listing-item\"><a class=\"title\" href=\"https:\/\/weltreise.lipkowitsch.de\/index.php\/2020\/02\/29\/dont-cry-for-me-argentina\/\">Don&#8217;t cry for me, Argentina<\/a><\/li><\/ul>\n","protected":false},"excerpt":{"rendered":"<p>Anders als in Chile sind Fu\u00dfg\u00e4nger kein Grund zum Bremsen oder Anhalten. (Hoch-) Schwangere tragen gerne eine Art Bikini, damit ihr Bauch so richtig zur Geltung kommt. Fl\u00fcge sind grunds\u00e4tzlich mehr als eine Stunde versp\u00e4tet, alle anderen Veranstaltungen mindestens 15 Minuten. Friedh\u00f6fe dienen nicht dem Gedenken an den Verstorbenen, sondern den Nachkommen als B\u00fchne, ihr &hellip; <\/p>\n<p class=\"link-more\"><a href=\"https:\/\/weltreise.lipkowitsch.de\/index.php\/2020\/02\/29\/dont-cry-for-me-argentina\/\" class=\"more-link\"><span class=\"screen-reader-text\">\u201eDon&#8217;t cry for me, Argentina\u201c <\/span>weiterlesen<\/a><\/p>\n","protected":false},"author":1,"featured_media":0,"parent":0,"menu_order":0,"comment_status":"closed","ping_status":"closed","template":"","meta":{"footnotes":""},"class_list":["post-2095","page","type-page","status-publish","hentry"],"_links":{"self":[{"href":"https:\/\/weltreise.lipkowitsch.de\/index.php\/wp-json\/wp\/v2\/pages\/2095","targetHints":{"allow":["GET"]}}],"collection":[{"href":"https:\/\/weltreise.lipkowitsch.de\/index.php\/wp-json\/wp\/v2\/pages"}],"about":[{"href":"https:\/\/weltreise.lipkowitsch.de\/index.php\/wp-json\/wp\/v2\/types\/page"}],"author":[{"embeddable":true,"href":"https:\/\/weltreise.lipkowitsch.de\/index.php\/wp-json\/wp\/v2\/users\/1"}],"replies":[{"embeddable":true,"href":"https:\/\/weltreise.lipkowitsch.de\/index.php\/wp-json\/wp\/v2\/comments?post=2095"}],"version-history":[{"count":6,"href":"https:\/\/weltreise.lipkowitsch.de\/index.php\/wp-json\/wp\/v2\/pages\/2095\/revisions"}],"predecessor-version":[{"id":2616,"href":"https:\/\/weltreise.lipkowitsch.de\/index.php\/wp-json\/wp\/v2\/pages\/2095\/revisions\/2616"}],"wp:attachment":[{"href":"https:\/\/weltreise.lipkowitsch.de\/index.php\/wp-json\/wp\/v2\/media?parent=2095"}],"curies":[{"name":"wp","href":"https:\/\/api.w.org\/{rel}","templated":true}]}}